{"id":364,"date":"2021-12-28T01:55:43","date_gmt":"2021-12-28T00:55:43","guid":{"rendered":"https:\/\/fidutax.ch\/?page_id=364"},"modified":"2023-05-12T12:14:13","modified_gmt":"2023-05-12T11:14:13","slug":"startup","status":"publish","type":"page","link":"https:\/\/fidutax.ch\/fr\/startup\/","title":{"rendered":"StartUp"},"content":{"rendered":"<div data-elementor-type=\"wp-page\" data-elementor-id=\"364\" class=\"elementor elementor-364\" data-elementor-post-type=\"page\">\n\t\t\t\t\t\t<section class=\"elementor-section elementor-top-section elementor-element elementor-element-4af0d1e6 elementor-section-height-min-height elementor-section-items-top elementor-section-boxed elementor-section-height-default\" data-id=\"4af0d1e6\" data-element_type=\"section\" data-e-type=\"section\" data-settings=\"{&quot;background_background&quot;:&quot;classic&quot;}\">\n\t\t\t\t\t\t\t<div class=\"elementor-background-overlay\"><\/div>\n\t\t\t\t\t\t\t<div class=\"elementor-container elementor-column-gap-default\">\n\t\t\t\t\t<div class=\"elementor-column elementor-col-100 elementor-top-column elementor-element elementor-element-40bac77b\" data-id=\"40bac77b\" data-element_type=\"column\" data-e-type=\"column\">\n\t\t\t<div class=\"elementor-widget-wrap elementor-element-populated\">\n\t\t\t\t\t\t<div class=\"elementor-element elementor-element-27113ae2 elementor-widget elementor-widget-heading\" data-id=\"27113ae2\" data-element_type=\"widget\" data-e-type=\"widget\" data-widget_type=\"heading.default\">\n\t\t\t\t<div class=\"elementor-widget-container\">\n\t\t\t\t\t<h1 class=\"elementor-heading-title elementor-size-default\">Unsere Dienstleistungen<br>f\u00fcr StartUp<\/h1>\t\t\t\t<\/div>\n\t\t\t\t<\/div>\n\t\t\t\t\t<\/div>\n\t\t<\/div>\n\t\t\t\t\t<\/div>\n\t\t<\/section>\n\t\t\t\t<section class=\"elementor-section elementor-top-section elementor-element elementor-element-e3b37a0 elementor-section-boxed elementor-section-height-default elementor-section-height-default\" data-id=\"e3b37a0\" data-element_type=\"section\" data-e-type=\"section\" data-settings=\"{&quot;background_background&quot;:&quot;classic&quot;}\">\n\t\t\t\t\t\t<div class=\"elementor-container elementor-column-gap-no\">\n\t\t\t\t\t<div class=\"elementor-column elementor-col-100 elementor-top-column elementor-element elementor-element-a2f7a67\" data-id=\"a2f7a67\" data-element_type=\"column\" data-e-type=\"column\">\n\t\t\t<div class=\"elementor-widget-wrap elementor-element-populated\">\n\t\t\t\t\t\t<div class=\"elementor-element elementor-element-13c6a54 elementor-tabs-view-vertical elementor-widget elementor-widget-tabs\" data-id=\"13c6a54\" data-element_type=\"widget\" data-e-type=\"widget\" data-widget_type=\"tabs.default\">\n\t\t\t\t<div class=\"elementor-widget-container\">\n\t\t\t\t\t\t\t<div class=\"elementor-tabs\">\n\t\t\t<div class=\"elementor-tabs-wrapper\" role=\"tablist\" >\n\t\t\t\t\t\t\t\t\t<div id=\"elementor-tab-title-2071\" class=\"elementor-tab-title elementor-tab-desktop-title\" aria-selected=\"true\" data-tab=\"1\" role=\"tab\" tabindex=\"0\" aria-controls=\"elementor-tab-content-2071\" aria-expanded=\"false\">Firmengr\u00fcndung<\/div>\n\t\t\t\t\t\t\t\t\t<div id=\"elementor-tab-title-2072\" class=\"elementor-tab-title elementor-tab-desktop-title\" aria-selected=\"false\" data-tab=\"2\" role=\"tab\" tabindex=\"-1\" aria-controls=\"elementor-tab-content-2072\" aria-expanded=\"false\">Rechnungswesen und Controlling<\/div>\n\t\t\t\t\t\t\t\t\t<div id=\"elementor-tab-title-2073\" class=\"elementor-tab-title elementor-tab-desktop-title\" aria-selected=\"false\" data-tab=\"3\" role=\"tab\" tabindex=\"-1\" aria-controls=\"elementor-tab-content-2073\" aria-expanded=\"false\">Lohnbuchhaltung<\/div>\n\t\t\t\t\t\t\t\t\t<div id=\"elementor-tab-title-2074\" class=\"elementor-tab-title elementor-tab-desktop-title\" aria-selected=\"false\" data-tab=\"4\" role=\"tab\" tabindex=\"-1\" aria-controls=\"elementor-tab-content-2074\" aria-expanded=\"false\">Steuerberatung<\/div>\n\t\t\t\t\t\t\t<\/div>\n\t\t\t<div class=\"elementor-tabs-content-wrapper\" role=\"tablist\" aria-orientation=\"vertical\">\n\t\t\t\t\t\t\t\t\t<div class=\"elementor-tab-title elementor-tab-mobile-title\" aria-selected=\"true\" data-tab=\"1\" role=\"tab\" tabindex=\"0\" aria-controls=\"elementor-tab-content-2071\" aria-expanded=\"false\">Firmengr\u00fcndung<\/div>\n\t\t\t\t\t<div id=\"elementor-tab-content-2071\" class=\"elementor-tab-content elementor-clearfix\" data-tab=\"1\" role=\"tabpanel\" aria-labelledby=\"elementor-tab-title-2071\" tabindex=\"0\" hidden=\"false\"><p>\u2022 Wahl der Rechtsform<br \/>\u2022 Optimierung der Standortwahl<br \/>\u2022 Finanzierung<br \/>\u2022 Unterst\u00fctzung bei der Erstellung des Business-Plans<br \/>\u2022 Mithilfe bei der Erstellung von Statuten und Reglementen<\/p><\/div>\n\t\t\t\t\t\t\t\t\t<div class=\"elementor-tab-title elementor-tab-mobile-title\" aria-selected=\"false\" data-tab=\"2\" role=\"tab\" tabindex=\"-1\" aria-controls=\"elementor-tab-content-2072\" aria-expanded=\"false\">Rechnungswesen und Controlling<\/div>\n\t\t\t\t\t<div id=\"elementor-tab-content-2072\" class=\"elementor-tab-content elementor-clearfix\" data-tab=\"2\" role=\"tabpanel\" aria-labelledby=\"elementor-tab-title-2072\" tabindex=\"0\" hidden=\"hidden\"><p>\u2022 Aufbau des Rechnungswesens<br \/>\u2022\u00a0F\u00fchrung von Finanzbuchhaltungen auf eigener EDV-Anlage oder direkt beim Kunden<br \/>\u2022\u00a0F\u00fchrung von Debitoren-, Kreditoren- und Spezialbuchhaltungen<br \/>\u2022\u00a0Erstellen von Mehrwertsteuerabrechnungen<br \/>\u2022\u00a0Erstellen von Jahresabschl\u00fcssen<br \/>\u2022\u00a0Externes Controlling zur Unterst\u00fctzung der Unternehmensf\u00fchrung<br \/>\u2022\u00a0Erstellen von Zwischenabschl\u00fcssen, Budget, Liquidit\u00e4tsplan, Businesspl\u00e4ne, usw.<br \/>\u2022\u00a0Unterst\u00fctzung bei Bankbesprechungen<br \/>\u2022\u00a0Tempor\u00e4re Stellvertretung im Rechnungswesen<\/p><\/div>\n\t\t\t\t\t\t\t\t\t<div class=\"elementor-tab-title elementor-tab-mobile-title\" aria-selected=\"false\" data-tab=\"3\" role=\"tab\" tabindex=\"-1\" aria-controls=\"elementor-tab-content-2073\" aria-expanded=\"false\">Lohnbuchhaltung<\/div>\n\t\t\t\t\t<div id=\"elementor-tab-content-2073\" class=\"elementor-tab-content elementor-clearfix\" data-tab=\"3\" role=\"tabpanel\" aria-labelledby=\"elementor-tab-title-2073\" tabindex=\"0\" hidden=\"hidden\"><p>\u2022\u00a0Diskrete, professionelle Sal\u00e4rabwicklung f\u00fcr Dritte<br \/>\u2022\u00a0Organisation und \u00dcberwachung der Sal\u00e4rauszahlungen<br \/>\u2022\u00a0F\u00fchren der Lohnbuchhaltung<br \/>\u2022\u00a0Erstellen der Lohn-, Sozialversicherungs- und Quellensteuerabrechnungen<br \/>\u2022\u00a0Erstellen der Lohnausweise<br \/>\u2022 Beratung betreffend Steuern, Sozialversicherungen und Arbeitsvertr\u00e4gen<\/p><\/div>\n\t\t\t\t\t\t\t\t\t<div class=\"elementor-tab-title elementor-tab-mobile-title\" aria-selected=\"false\" data-tab=\"4\" role=\"tab\" tabindex=\"-1\" aria-controls=\"elementor-tab-content-2074\" aria-expanded=\"false\">Steuerberatung<\/div>\n\t\t\t\t\t<div id=\"elementor-tab-content-2074\" class=\"elementor-tab-content elementor-clearfix\" data-tab=\"4\" role=\"tabpanel\" aria-labelledby=\"elementor-tab-title-2074\" tabindex=\"0\" hidden=\"hidden\"><p>\u2022 Steuerplanung<br \/>\u2022 Steuerliche Abschlussberatung und optimale Gestaltung des Ergebnisses<br \/>\u2022\u00a0Steuererkl\u00e4rungen und R\u00fcckerstattungsantr\u00e4ge<br \/>\u2022\u00a0Mehrwertsteuerfragen<br \/>\u2022 Beratung in allen Gebieten des kantonalen und nationalen Unternehmenssteuerrechts<br \/>\u2022\u00a0Umstrukturierung und Spin-offs<\/p><\/div>\n\t\t\t\t\t\t\t<\/div>\n\t\t<\/div>\n\t\t\t\t\t\t<\/div>\n\t\t\t\t<\/div>\n\t\t\t\t\t<\/div>\n\t\t<\/div>\n\t\t\t\t\t<\/div>\n\t\t<\/section>\n\t\t\t\t<section class=\"elementor-section elementor-top-section elementor-element elementor-element-7c7113fe elementor-section-full_width elementor-section-height-min-height elementor-section-items-stretch elementor-section-content-middle elementor-section-height-default\" data-id=\"7c7113fe\" data-element_type=\"section\" data-e-type=\"section\" data-settings=\"{&quot;background_background&quot;:&quot;none&quot;}\">\n\t\t\t\t\t\t<div class=\"elementor-container elementor-column-gap-no\">\n\t\t\t\t\t<div class=\"elementor-column elementor-col-100 elementor-top-column elementor-element elementor-element-41166ff1\" data-id=\"41166ff1\" data-element_type=\"column\" data-e-type=\"column\" data-settings=\"{&quot;background_background&quot;:&quot;classic&quot;}\">\n\t\t\t<div class=\"elementor-widget-wrap elementor-element-populated\">\n\t\t\t\t\t\t<div class=\"elementor-element elementor-element-c34c469 elementor-cta--layout-image-left elementor-cta--mobile-layout-image-above elementor-cta--valign-middle elementor-cta--skin-classic elementor-animated-content elementor-widget elementor-widget-call-to-action\" data-id=\"c34c469\" data-element_type=\"widget\" data-e-type=\"widget\" data-widget_type=\"call-to-action.default\">\n\t\t\t\t<div class=\"elementor-widget-container\">\n\t\t\t\t\t\t\t<div class=\"elementor-cta\">\n\t\t\t\t\t<div class=\"elementor-cta__bg-wrapper\">\n\t\t\t\t<div class=\"elementor-cta__bg elementor-bg\" style=\"background-image: url(https:\/\/fidutax.ch\/wp-content\/uploads\/2022\/03\/Port-Patrick-Kappeler-684x1024.jpg);\" role=\"img\" aria-label=\"Port Patrick Kappeler\"><\/div>\n\t\t\t\t<div class=\"elementor-cta__bg-overlay\"><\/div>\n\t\t\t<\/div>\n\t\t\t\t\t\t\t<div class=\"elementor-cta__content\">\n\t\t\t\t\n\t\t\t\t\t\t\t\t\t<h2 class=\"elementor-cta__title elementor-cta__content-item elementor-content-item\">\n\t\t\t\t\t\tGemeinsam zum Mond\t\t\t\t\t<\/h2>\n\t\t\t\t\n\t\t\t\t\t\t\t\t\t<div class=\"elementor-cta__description elementor-cta__content-item elementor-content-item\">\n\t\t\t\t\t\t\"The sky is the limit\" ist das Sprichwort mit welchem wir mit Ihnen den Weg gehen wollen. Gemeinsam begleiten wir Sie auf den Etappen Ihrer Unternehmungsentwicklung und helfen das Fortbestehen zu sichern.\t\t\t\t\t<\/div>\n\t\t\t\t\n\t\t\t\t\t\t\t<\/div>\n\t\t\t\t\t\t<\/div>\n\t\t\t\t\t\t<\/div>\n\t\t\t\t<\/div>\n\t\t\t\t\t<\/div>\n\t\t<\/div>\n\t\t\t\t\t<\/div>\n\t\t<\/section>\n\t\t\t\t<\/div>","protected":false},"excerpt":{"rendered":"<p>Unsere Dienstleistungenf\u00fcr StartUp Firmengr\u00fcndung Rechnungswesen und Controlling Lohnbuchhaltung Steuerberatung Firmengr\u00fcndung \u2022 Wahl der Rechtsform\u2022 Optimierung der Standortwahl\u2022 Finanzierung\u2022 Unterst\u00fctzung bei der Erstellung des Business-Plans\u2022 Mithilfe bei der Erstellung von Statuten und Reglementen Rechnungswesen und Controlling \u2022 Aufbau des Rechnungswesens\u2022\u00a0F\u00fchrung von Finanzbuchhaltungen auf eigener EDV-Anlage oder direkt beim Kunden\u2022\u00a0F\u00fchrung von Debitoren-, Kreditoren- und Spezialbuchhaltungen\u2022\u00a0Erstellen von Mehrwertsteuerabrechnungen\u2022\u00a0Erstellen [&hellip;]<\/p>\n","protected":false},"author":1,"featured_media":0,"parent":0,"menu_order":0,"comment_status":"closed","ping_status":"closed","template":"","meta":{"site-sidebar-layout":"no-sidebar","site-content-layout":"page-builder","ast-site-content-layout":"default","site-content-style":"default","site-sidebar-style":"default","ast-global-header-display":"","ast-banner-title-visibility":"","ast-main-header-display":"","ast-hfb-above-header-display":"","ast-hfb-below-header-display":"","ast-hfb-mobile-header-display":"","site-post-title":"disabled","ast-breadcrumbs-content":"","ast-featured-img":"disabled","footer-sml-layout":"","ast-disable-related-posts":"","theme-transparent-header-meta":"","adv-header-id-meta":"","stick-header-meta":"","header-above-stick-meta":"","header-main-stick-meta":"","header-below-stick-meta":"","astra-migrate-meta-layouts":"default","ast-page-background-enabled":"default","ast-page-background-meta":{"desktop":{"background-color":"var(--ast-global-color-4)","background-image":"","background-repeat":"repeat","background-position":"center center","background-size":"auto","background-attachment":"scroll","background-type":"","background-media":"","overlay-type":"","overlay-color":"","overlay-opacity":"","overlay-gradient":""},"tablet":{"background-color":"","background-image":"","background-repeat":"repeat","background-position":"center center","background-size":"auto","background-attachment":"scroll","background-type":"","background-media":"","overlay-type":"","overlay-color":"","overlay-opacity":"","overlay-gradient":""},"mobile":{"background-color":"","background-image":"","background-repeat":"repeat","background-position":"center center","background-size":"auto","background-attachment":"scroll","background-type":"","background-media":"","overlay-type":"","overlay-color":"","overlay-opacity":"","overlay-gradient":""}},"ast-content-background-meta":{"desktop":{"background-color":"var(--ast-global-color-5)","background-image":"","background-repeat":"repeat","background-position":"center center","background-size":"auto","background-attachment":"scroll","background-type":"","background-media":"","overlay-type":"","overlay-color":"","overlay-opacity":"","overlay-gradient":""},"tablet":{"background-color":"var(--ast-global-color-5)","background-image":"","background-repeat":"repeat","background-position":"center center","background-size":"auto","background-attachment":"scroll","background-type":"","background-media":"","overlay-type":"","overlay-color":"","overlay-opacity":"","overlay-gradient":""},"mobile":{"background-color":"var(--ast-global-color-5)","background-image":"","background-repeat":"repeat","background-position":"center center","background-size":"auto","background-attachment":"scroll","background-type":"","background-media":"","overlay-type":"","overlay-color":"","overlay-opacity":"","overlay-gradient":""}},"footnotes":""},"class_list":["post-364","page","type-page","status-publish","hentry"],"yoast_head":"<!-- This site is optimized with the Yoast SEO plugin v27.2 - https:\/\/yoast.com\/product\/yoast-seo-wordpress\/ -->\n<title>StartUp | Fidutax Treuhand und Wirtschaftsberatug Biel<\/title>\n<meta name=\"description\" content=\"Treuhand und Buchhaltung in Biel und Umgebung\" \/>\n<meta name=\"robots\" content=\"index, follow, max-snippet:-1, max-image-preview:large, max-video-preview:-1\" \/>\n<link rel=\"canonical\" href=\"https:\/\/fidutax.ch\/fr\/startup\/\" \/>\n<meta property=\"og:locale\" content=\"fr_FR\" \/>\n<meta property=\"og:type\" content=\"article\" \/>\n<meta property=\"og:title\" content=\"StartUp | Fidutax Treuhand und Wirtschaftsberatug Biel\" \/>\n<meta property=\"og:description\" content=\"Treuhand und Buchhaltung in Biel und Umgebung\" \/>\n<meta property=\"og:url\" content=\"https:\/\/fidutax.ch\/fr\/startup\/\" \/>\n<meta property=\"og:site_name\" content=\"Fidutax Treuhand und Wirtschaftsberatug Biel\" \/>\n<meta property=\"article:modified_time\" content=\"2023-05-12T11:14:13+00:00\" \/>\n<meta name=\"twitter:card\" content=\"summary_large_image\" \/>\n<meta name=\"twitter:label1\" content=\"Dur\u00e9e de lecture estim\u00e9e\" \/>\n\t<meta name=\"twitter:data1\" content=\"1 minute\" \/>\n<script type=\"application\/ld+json\" class=\"yoast-schema-graph\">{\"@context\":\"https:\/\/schema.org\",\"@graph\":[{\"@type\":\"WebPage\",\"@id\":\"https:\/\/fidutax.ch\/startup\/\",\"url\":\"https:\/\/fidutax.ch\/startup\/\",\"name\":\"StartUp | Fidutax Treuhand und Wirtschaftsberatug Biel\",\"isPartOf\":{\"@id\":\"https:\/\/fidutax.ch\/#website\"},\"datePublished\":\"2021-12-28T00:55:43+00:00\",\"dateModified\":\"2023-05-12T11:14:13+00:00\",\"description\":\"Treuhand und Buchhaltung in Biel und Umgebung\",\"breadcrumb\":{\"@id\":\"https:\/\/fidutax.ch\/startup\/#breadcrumb\"},\"inLanguage\":\"fr-FR\",\"potentialAction\":[{\"@type\":\"ReadAction\",\"target\":[\"https:\/\/fidutax.ch\/startup\/\"]}]},{\"@type\":\"BreadcrumbList\",\"@id\":\"https:\/\/fidutax.ch\/startup\/#breadcrumb\",\"itemListElement\":[{\"@type\":\"ListItem\",\"position\":1,\"name\":\"Startseite\",\"item\":\"https:\/\/fidutax.ch\/\"},{\"@type\":\"ListItem\",\"position\":2,\"name\":\"StartUp\"}]},{\"@type\":\"WebSite\",\"@id\":\"https:\/\/fidutax.ch\/#website\",\"url\":\"https:\/\/fidutax.ch\/\",\"name\":\"Fidutax Treuhand und Wirtschaftsberatug Biel\",\"description\":\"Treuhand, Buchhaltung und Steuern\",\"publisher\":{\"@id\":\"https:\/\/fidutax.ch\/#organization\"},\"potentialAction\":[{\"@type\":\"SearchAction\",\"target\":{\"@type\":\"EntryPoint\",\"urlTemplate\":\"https:\/\/fidutax.ch\/?s={search_term_string}\"},\"query-input\":{\"@type\":\"PropertyValueSpecification\",\"valueRequired\":true,\"valueName\":\"search_term_string\"}}],\"inLanguage\":\"fr-FR\"},{\"@type\":\"Organization\",\"@id\":\"https:\/\/fidutax.ch\/#organization\",\"name\":\"Fidutax Treuhand und Wirtschaftsberatung AG\",\"url\":\"https:\/\/fidutax.ch\/\",\"logo\":{\"@type\":\"ImageObject\",\"inLanguage\":\"fr-FR\",\"@id\":\"https:\/\/fidutax.ch\/#\/schema\/logo\/image\/\",\"url\":\"https:\/\/fidutax.ch\/wp-content\/uploads\/2021\/12\/Log_FIDUTAX_WEB_50.png\",\"contentUrl\":\"https:\/\/fidutax.ch\/wp-content\/uploads\/2021\/12\/Log_FIDUTAX_WEB_50.png\",\"width\":645,\"height\":146,\"caption\":\"Fidutax Treuhand und Wirtschaftsberatung AG\"},\"image\":{\"@id\":\"https:\/\/fidutax.ch\/#\/schema\/logo\/image\/\"}}]}<\/script>\n<!-- \/ Yoast SEO plugin. -->","yoast_head_json":{"title":"StartUp | Fidutax Treuhand und Wirtschaftsberatug Biel","description":"Treuhand und Buchhaltung in Biel und Umgebung","robots":{"index":"index","follow":"follow","max-snippet":"max-snippet:-1","max-image-preview":"max-image-preview:large","max-video-preview":"max-video-preview:-1"},"canonical":"https:\/\/fidutax.ch\/fr\/startup\/","og_locale":"fr_FR","og_type":"article","og_title":"StartUp | Fidutax Treuhand und Wirtschaftsberatug Biel","og_description":"Treuhand und Buchhaltung in Biel und Umgebung","og_url":"https:\/\/fidutax.ch\/fr\/startup\/","og_site_name":"Fidutax Treuhand und Wirtschaftsberatug Biel","article_modified_time":"2023-05-12T11:14:13+00:00","twitter_card":"summary_large_image","twitter_misc":{"Dur\u00e9e de lecture estim\u00e9e":"1 minute"},"schema":{"@context":"https:\/\/schema.org","@graph":[{"@type":"WebPage","@id":"https:\/\/fidutax.ch\/startup\/","url":"https:\/\/fidutax.ch\/startup\/","name":"StartUp | Fidutax Treuhand und Wirtschaftsberatug Biel","isPartOf":{"@id":"https:\/\/fidutax.ch\/#website"},"datePublished":"2021-12-28T00:55:43+00:00","dateModified":"2023-05-12T11:14:13+00:00","description":"Treuhand und Buchhaltung in Biel und Umgebung","breadcrumb":{"@id":"https:\/\/fidutax.ch\/startup\/#breadcrumb"},"inLanguage":"fr-FR","potentialAction":[{"@type":"ReadAction","target":["https:\/\/fidutax.ch\/startup\/"]}]},{"@type":"BreadcrumbList","@id":"https:\/\/fidutax.ch\/startup\/#breadcrumb","itemListElement":[{"@type":"ListItem","position":1,"name":"Startseite","item":"https:\/\/fidutax.ch\/"},{"@type":"ListItem","position":2,"name":"StartUp"}]},{"@type":"WebSite","@id":"https:\/\/fidutax.ch\/#website","url":"https:\/\/fidutax.ch\/","name":"Fidutax Treuhand und Wirtschaftsberatug Biel","description":"Treuhand, Buchhaltung und Steuern","publisher":{"@id":"https:\/\/fidutax.ch\/#organization"},"potentialAction":[{"@type":"SearchAction","target":{"@type":"EntryPoint","urlTemplate":"https:\/\/fidutax.ch\/?s={search_term_string}"},"query-input":{"@type":"PropertyValueSpecification","valueRequired":true,"valueName":"search_term_string"}}],"inLanguage":"fr-FR"},{"@type":"Organization","@id":"https:\/\/fidutax.ch\/#organization","name":"Fidutax Treuhand und Wirtschaftsberatung AG","url":"https:\/\/fidutax.ch\/","logo":{"@type":"ImageObject","inLanguage":"fr-FR","@id":"https:\/\/fidutax.ch\/#\/schema\/logo\/image\/","url":"https:\/\/fidutax.ch\/wp-content\/uploads\/2021\/12\/Log_FIDUTAX_WEB_50.png","contentUrl":"https:\/\/fidutax.ch\/wp-content\/uploads\/2021\/12\/Log_FIDUTAX_WEB_50.png","width":645,"height":146,"caption":"Fidutax Treuhand und Wirtschaftsberatung AG"},"image":{"@id":"https:\/\/fidutax.ch\/#\/schema\/logo\/image\/"}}]}},"_links":{"self":[{"href":"https:\/\/fidutax.ch\/fr\/wp-json\/wp\/v2\/pages\/364","targetHints":{"allow":["GET"]}}],"collection":[{"href":"https:\/\/fidutax.ch\/fr\/wp-json\/wp\/v2\/pages"}],"about":[{"href":"https:\/\/fidutax.ch\/fr\/wp-json\/wp\/v2\/types\/page"}],"author":[{"embeddable":true,"href":"https:\/\/fidutax.ch\/fr\/wp-json\/wp\/v2\/users\/1"}],"replies":[{"embeddable":true,"href":"https:\/\/fidutax.ch\/fr\/wp-json\/wp\/v2\/comments?post=364"}],"version-history":[{"count":74,"href":"https:\/\/fidutax.ch\/fr\/wp-json\/wp\/v2\/pages\/364\/revisions"}],"predecessor-version":[{"id":977,"href":"https:\/\/fidutax.ch\/fr\/wp-json\/wp\/v2\/pages\/364\/revisions\/977"}],"wp:attachment":[{"href":"https:\/\/fidutax.ch\/fr\/wp-json\/wp\/v2\/media?parent=364"}],"curies":[{"name":"wp","href":"https:\/\/api.w.org\/{rel}","templated":true}]}}